{"id":2576,"date":"2021-02-15T15:11:37","date_gmt":"2021-02-15T15:11:37","guid":{"rendered":"https:\/\/www.fidera.fi\/?page_id=2576"},"modified":"2021-02-15T15:11:38","modified_gmt":"2021-02-15T15:11:38","slug":"tietosuoja-ja-palveluehdot","status":"publish","type":"page","link":"https:\/\/www.fidera.fi\/en\/tietosuoja-ja-palveluehdot\/","title":{"rendered":"Tietosuoja ja palveluehdot"},"content":{"rendered":"<p>Tietosuoja ja palveluehdot<\/p>\n\n\n\n<p><a href=\"\/en\/tietosuojapolitiikka\/\" data-type=\"URL\" data-id=\"\/tietosuojapolitiikka\">Tietosuoja<\/a><\/p>\n\n\n\n<p><a href=\"https:\/\/it-ehdot.fi\/term_preview\/yse-suomi2018\">IT2018 YSE \u2013 Yleiset sopimusehdot<\/a><\/p>\n\n\n\n<p><a href=\"https:\/\/it-ehdot.fi\/term_preview\/it2018-ehk-suomi\">IT2018 EHK \u2013 Erityisehtoja henkil\u00f6tietojen k\u00e4sittelyst\u00e4<\/a><\/p>\n\n\n\n<p><a href=\"https:\/\/it-ehdot.fi\/term_preview\/it2018-etp-suomi\">IT2018 ETP \u2013 Erityisehtoja tietoverkon v\u00e4lityksell\u00e4 toimitettavista palveluista (pilvipalvelu)<\/a><\/p>","protected":false},"excerpt":{"rendered":"<p>Tietosuoja ja palveluehdot Tietosuoja IT2018 YSE \u2013 Yleiset sopimusehdot IT2018 EHK \u2013 Erityisehtoja henkil\u00f6tietojen k\u00e4sittelyst\u00e4 IT2018 ETP \u2013 Erityisehtoja tietoverkon v\u00e4lityksell\u00e4 toimitettavista palveluista (pilvipalvelu)<\/p>","protected":false},"author":4,"featured_media":0,"parent":0,"menu_order":0,"comment_status":"closed","ping_status":"closed","template":"","meta":{"footnotes":""},"class_list":["post-2576","page","type-page","status-publish","hentry","description-off"],"_links":{"self":[{"href":"https:\/\/www.fidera.fi\/en\/wp-json\/wp\/v2\/pages\/2576","targetHints":{"allow":["GET"]}}],"collection":[{"href":"https:\/\/www.fidera.fi\/en\/wp-json\/wp\/v2\/pages"}],"about":[{"href":"https:\/\/www.fidera.fi\/en\/wp-json\/wp\/v2\/types\/page"}],"author":[{"embeddable":true,"href":"https:\/\/www.fidera.fi\/en\/wp-json\/wp\/v2\/users\/4"}],"replies":[{"embeddable":true,"href":"https:\/\/www.fidera.fi\/en\/wp-json\/wp\/v2\/comments?post=2576"}],"version-history":[{"count":0,"href":"https:\/\/www.fidera.fi\/en\/wp-json\/wp\/v2\/pages\/2576\/revisions"}],"wp:attachment":[{"href":"https:\/\/www.fidera.fi\/en\/wp-json\/wp\/v2\/media?parent=2576"}],"curies":[{"name":"wp","href":"https:\/\/api.w.org\/{rel}","templated":true}]}}