{"id":2547,"date":"2021-02-15T11:02:34","date_gmt":"2021-02-15T11:02:34","guid":{"rendered":"https:\/\/www.fidera.fi\/?page_id=2547"},"modified":"2021-02-15T11:07:34","modified_gmt":"2021-02-15T11:07:34","slug":"tietosuojapolitiikka","status":"publish","type":"page","link":"https:\/\/www.fidera.fi\/en\/tietosuojapolitiikka\/","title":{"rendered":"Tietosuojapolitiikka"},"content":{"rendered":"<div data-elementor-type=\"wp-page\" data-elementor-id=\"2547\" class=\"elementor elementor-2547\" data-elementor-post-type=\"page\">\n\t\t\t\t\t\t<section class=\"elementor-section elementor-top-section elementor-element elementor-element-6313b824 elementor-section-boxed elementor-section-height-default elementor-section-height-default\" data-id=\"6313b824\" data-element_type=\"section\">\n\t\t\t\t\t\t<div class=\"elementor-container elementor-column-gap-default\">\n\t\t\t\t\t<div class=\"elementor-column elementor-col-100 elementor-top-column elementor-element elementor-element-6d3bca47\" data-id=\"6d3bca47\" data-element_type=\"column\">\n\t\t\t<div class=\"elementor-widget-wrap elementor-element-populated\">\n\t\t\t\t\t\t<div class=\"elementor-element elementor-element-604fb61a elementor-widget elementor-widget-text-editor\" data-id=\"604fb61a\" data-element_type=\"widget\" data-widget_type=\"text-editor.default\">\n\t\t\t\t<div class=\"elementor-widget-container\">\n\t\t\t\t\t\t\t\t\t<h2><\/h2>\n<p>Tietosuoja-asetuksessa rekisterinpit\u00e4j\u00e4lt\u00e4 edellytet\u00e4\u00e4n dokumenttia, josta selvi\u00e4v\u00e4t muun muassa rekisterinpit\u00e4j\u00e4n yhteystiedot, k\u00e4sitelt\u00e4v\u00e4t henkil\u00f6tiedot ja k\u00e4sittelyn tarkoitus sek\u00e4 henkil\u00f6tietojen luovuttamisen ja suojaamisen periaatteet. Seuraavassa pyrit\u00e4\u00e4n t\u00e4ytt\u00e4m\u00e4\u00e4n n\u00e4m\u00e4 edell\u00e4 mainitut asiat Fidera Oy:n liiketoimien osalta. T\u00e4ss\u00e4 asiat kompaktissa muodossa: <strong>K\u00e4sitelt\u00e4v\u00e4t henkil\u00f6tiedot:<\/strong> nimi, veronumero, puhelinnumero, asiakkaan tunniste henkil\u00f6lle, henkil\u00f6\u00f6n liittyv\u00e4t fyysiset tunnisteet (kuten rfid tai bluetooth), sijaintitiedot ja mahdollisesti tallennetut kuvat ja videot <strong>K\u00e4sittelyn tarkoitus:<\/strong> tunnistaa henkil\u00f6 valvontatarkoituksessa <strong>Henkil\u00f6tietojen luovuttamisen ja suojaamisen periaatteet:<\/strong> K\u00e4ytt\u00e4\u00e4 rekisterinpit\u00e4j\u00e4n\/palveluntarjoajan (Fidera Oy) k\u00e4ytett\u00e4viss\u00e4 olevia hyvi\u00e4 k\u00e4yt\u00e4nt\u00f6j\u00e4 tietoturvan ja suojaamisen suhteen. Tietojen luovutus asiakkaalle tapahtuu digitaalisten rajapintojen kautta. Vastuu omien henkil\u00f6iden tiedoista on asiakkaalla. Rekisterinpit\u00e4j\u00e4\/palveluntarjoajan (Fidera Oy) hoitaa vastuullisesti s\u00e4ilytyksen ja tiedonsiirron, sek\u00e4 tarjoaa mahdollisuuden henkil\u00f6tietojen poistoon. <strong>Yhteystiedot:<\/strong><\/p>\n<pre>FIDERA Oy\nTykist\u00f6katu 4 A\n20520 TURKU\ninfo@fidera.fi\n<\/pre>\n<p>Seuraavassa viel\u00e4 samat asiat sopimuksen muodossa.<\/p>\n<h2>Henkil\u00f6tietojen k\u00e4sittelysopimus<\/h2>\n<h3>1 Johdanto<\/h3>\n<p>T\u00e4m\u00e4 henkil\u00f6tietojen k\u00e4sittelysopimus (\u201dLiite\u201d) on erottamaton osa Fidera Oy:n (\u201dPalveluntarjoaja\u201d) ja asiakkaan (\u201dAsiakas\u201d) v\u00e4lill\u00e4 olevaa sopimusta ja sen mukaisia Yleisi\u00e4 sopimusehtoja (\u201dSopimus\u201d). T\u00e4m\u00e4n Liitteen tarkoituksena on sopia Asiakkaan Henkil\u00f6tietojen tietosuojasta ja tietoturvasta Palveluntarjoajan palveluissa. T\u00e4m\u00e4 Liite muodostaa osapuolten v\u00e4lille EU:n yleisen tietosuoja-asetuksen (679\/2016) mukaisen kirjallisen sopimuksen henkil\u00f6tietojen k\u00e4sittelyst\u00e4. V\u00e4litt\u00f6m\u00e4sti EU:n tietosuoja-asetukseen perustuvat velvollisuudet ja oikeudet tulevat voimaan vasta, kun EU:n tietosuoja-asetuksen soveltaminen alkaa 25.5.2018. Jos t\u00e4m\u00e4n Liitteen ja Sopimuksen henkil\u00f6tietojen k\u00e4sittely\u00e4 koskevat ehdot ovat ristiriidassa kesken\u00e4\u00e4n, osapuolet soveltavat ensisijaisesti t\u00e4m\u00e4n Liitteen ehtoja.<\/p>\n<h3>2 M\u00e4\u00e4ritelm\u00e4t<\/h3>\n<p>T\u00e4ss\u00e4 Liitteess\u00e4 tarkoitetaan EU:n tietosuoja-asetuksen mukaisesti \u201cRekisterinpit\u00e4j\u00e4ll\u00e4\u201d sit\u00e4, joka m\u00e4\u00e4rittelee Henkil\u00f6tietojen K\u00e4sittelyn tarkoitukset ja keinot ja joka voi olla t\u00e4ss\u00e4 Liitteess\u00e4 m\u00e4\u00e4ritelty Asiakas tai Asiakkaan toimeksiantaja. \u201cK\u00e4sittelij\u00e4ll\u00e4\u201d Palveluntarjoajaa, joka K\u00e4sittelee Henkil\u00f6tietoja Rekisterinpit\u00e4j\u00e4n lukuun Sopimuksen perusteella. \u201cK\u00e4sittelyll\u00e4\u201d ja \u201dK\u00e4sittelytoimilla\u201d toimintoa tai toimintoja, joita kohdistetaan Henkil\u00f6tietoihin tai Henkil\u00f6tietoja sis\u00e4lt\u00e4viin tietojoukkoihin joko automaattista tietojenk\u00e4sittely\u00e4 k\u00e4ytt\u00e4en tai manuaalisesti, kuten tietojen ker\u00e4\u00e4mist\u00e4, tallentamista, j\u00e4rjest\u00e4mist\u00e4, j\u00e4sent\u00e4mist\u00e4, s\u00e4ilytt\u00e4mist\u00e4, muokkaamista tai muuttamista, hakua, kysely\u00e4, k\u00e4ytt\u00f6\u00e4, tietojen luovuttamista siirt\u00e4m\u00e4ll\u00e4, levitt\u00e4m\u00e4ll\u00e4 tai asettamalla ne muutoin saataville, tietojen yhteensovittamista tai yhdist\u00e4mist\u00e4, rajoittamista, poistamista tai tuhoamista. \u201cHenkil\u00f6tiedoilla\u201d kaikkia tunnistettuun tai tunnistettavissa olevaan luonnolliseen henkil\u00f6\u00f6n, j\u00e4ljemp\u00e4n\u00e4 \u201dRekister\u00f6ityyn\u201d, liittyvi\u00e4 tietoja; tunnistettavissa olevana pidet\u00e4\u00e4n luonnollista henkil\u00f6\u00e4, joka voidaan suoraan tai ep\u00e4suorasti tunnistaa erityisesti tunnistetietojen, kuten nimen, henkil\u00f6tunnuksen, sijaintitiedon, verkkotunnistetietojen taikka yhden tai useamman h\u00e4nelle tunnusomaisen fyysisen, fysiologisen, geneettisen, psyykkisen, taloudellisen, kulttuurillisen tai sosiaalisen tekij\u00e4n perusteella. \u201cHenkil\u00f6tietojen tietoturvaloukkauksella\u201d tietoturvaloukkausta, jonka seurauksena on siirrettyjen, tallennettujen tai muuten K\u00e4siteltyjen Henkil\u00f6tietojen vahingossa tapahtuva tai lainvastainen tuhoaminen, h\u00e4vi\u00e4minen, muuttaminen, luvaton luovuttaminen taikka p\u00e4\u00e4sy tietoihin.<\/p>\n<h3>3 Tietosuoja ja Henkil\u00f6tietojen K\u00e4sittely<\/h3>\n<h4>3.1 Palveluntarjoajan ja Asiakkaan vastuut<\/h4>\n<p>Palveluntarjoaja K\u00e4sittelee Rekisterinpit\u00e4j\u00e4n Henkil\u00f6tietoja Rekisterinpit\u00e4j\u00e4n lukuun ja t\u00e4m\u00e4n toimeksiannosta Sopimuksen perusteella. Asiakas tai t\u00e4m\u00e4n toimeksiantaja on palvelussa K\u00e4sitelt\u00e4vien Henkil\u00f6tietojen Rekisterinpit\u00e4j\u00e4 ja Palveluntarjoaja K\u00e4sittelij\u00e4. Osapuolet sitoutuvat noudattamaan Suomessa ja Euroopan unionissa kulloinkin voimassa olevaa Henkil\u00f6tietojen K\u00e4sittely\u00e4 koskevaa lains\u00e4\u00e4d\u00e4nt\u00f6\u00e4, asetuksia sek\u00e4 viranomaisten m\u00e4\u00e4r\u00e4yksi\u00e4 ja ohjeistuksia ja tarvittaessa muuttamaan t\u00e4m\u00e4n Liitteen ehtoja niiden mukaiseksi. Rekisterinpit\u00e4j\u00e4 on vastuussa siit\u00e4, ett\u00e4 sill\u00e4 on tarvittavat oikeudet ja suostumukset Sopimuksen mukaiseen Henkil\u00f6tietojen K\u00e4sittelyyn. Rekisterinpit\u00e4j\u00e4 vastaa tietosuojaselosteen laatimisesta ja saatavilla pidosta sek\u00e4 Rekister\u00f6ityjen informoinnista ja ilmoituksista tietosuojaviranomaisille. Asiakas vastaa Palveluntarjoajalle antamiensa Henkil\u00f6tietojen oikeellisuudesta. Rekisterinpit\u00e4j\u00e4ll\u00e4 on oikeus ja velvollisuus m\u00e4\u00e4ritt\u00e4\u00e4 Henkil\u00f6tietojen K\u00e4sittelyn tarkoitus ja keinot. Palveluntarjoaja ei m\u00e4\u00e4rittele Asiakkaan Palveluun tallennettujen henkil\u00f6tietojen tyyppi\u00e4 ja rekister\u00f6ityjen ryhmi\u00e4. Tyypillisi\u00e4 Palveluun tallennettuja henkil\u00f6tietoja ovat nimi, s\u00e4hk\u00f6postiosoite, postiosoitetiedot, puhelinnumero, veronumero, asiakkaan tunniste henkil\u00f6lle, henkil\u00f6\u00f6n liittyv\u00e4t fyysiset laitteet ja tunnisteet (kuten rfid, bluetooth, wifi), sijaintitiedot ja mahdollisesti tallennetut kuvat ja videot. Asiakkaan vastuulla on ilmoittaa Palveluntarjoajalle, mik\u00e4li Palveluun tallennetaan muita henkil\u00f6tietotyyppej\u00e4 tai -ryhmi\u00e4. Palveluntarjoajalla on oikeus K\u00e4sitell\u00e4 Rekisterinpit\u00e4j\u00e4n Henkil\u00f6tietoja ja muita Rekisterinpit\u00e4j\u00e4n tietoja vain Sopimuksen ja t\u00e4m\u00e4n Liitteen mukaisesti ja vain silt\u00e4 osin ja siten kuin on tarpeellista palveluiden toimittamiseksi. Palveluntarjoaja yll\u00e4pit\u00e4\u00e4 palvelun kuvausta tai muuta EU:n tietosuoja-asetuksen vaatimaa selostetta palvelussa suoritettavista K\u00e4sittelytoimista, mik\u00e4li voimassa oleva lains\u00e4\u00e4d\u00e4nt\u00f6 niin edellytt\u00e4\u00e4. Palveluntarjoajalla on oikeus ker\u00e4t\u00e4 Sopimuksen mukaisten palvelujen k\u00e4yt\u00f6st\u00e4 anonyymi\u00e4 ja tilastollista tietoa, joka ei yksil\u00f6i Rekisterinpit\u00e4j\u00e4\u00e4 eik\u00e4 Rekister\u00f6ityj\u00e4 ja k\u00e4ytt\u00e4\u00e4 sit\u00e4 palvelujensa analysointiin ja kehitt\u00e4miseen. <\/p>\n<h4>3.2 Tietojen poisto\/palauttaminen <\/h4>\n<p>Sopimuksen p\u00e4\u00e4tytty\u00e4 Palveluntarjoaja poistaa kaikki Rekisterinpit\u00e4j\u00e4n Palveluun tallennetut Henkil\u00f6tiedot viimeist\u00e4\u00e4n 12 kuukauden kuluttua Sopimuksen p\u00e4\u00e4ttymisest\u00e4, ellei sovellettava lains\u00e4\u00e4d\u00e4nt\u00f6 edellyt\u00e4 Henkil\u00f6tietojen s\u00e4ilytt\u00e4mist\u00e4. Rekisterinpit\u00e4j\u00e4n on mahdollista pyyt\u00e4\u00e4 Palveluun tallennettujen tietojen v\u00e4lit\u00f6nt\u00e4 poistoa. Rekisterinpit\u00e4j\u00e4ll\u00e4 on mahdollista pyyt\u00e4\u00e4 Palveluun tallennetun tiedon palauttamista 7 vuorokauden ajan tiedon poistamisesta. <\/p>\n<h4>3.3 Alihankkijat <\/h4>\n<p>Palveluntarjoajalla on oikeus k\u00e4ytt\u00e4\u00e4 alihankkijoita Rekisterinpit\u00e4j\u00e4n Henkil\u00f6tietojen K\u00e4sittelyss\u00e4. Palveluntarjoaja vastaa alihankkijoiden toimista kuin omistaan ja laatii alihankkijoiden kanssa vastaavat kirjalliset sopimukset Henkil\u00f6tietojen K\u00e4sittelyst\u00e4. Palveluntarjoaja ilmoittaa muutoksista alihankkijoiden k\u00e4yt\u00f6ss\u00e4 ja pyydett\u00e4ess\u00e4 ilmoittaa Asiakkaalle etuk\u00e4teen alihankkijoista, joita se aikoo k\u00e4ytt\u00e4\u00e4 Sopimuksen mukaiseen Henkil\u00f6tietojen K\u00e4sittelyyn. Asiakkaalla on perustellusta syyst\u00e4 oikeus vastustaa uuden alihankkijan k\u00e4ytt\u00f6\u00e4. Jos osapuolet eiv\u00e4t p\u00e4\u00e4se yksimielisyyteen uuden alihankkijan k\u00e4ytt\u00e4misest\u00e4, Asiakkaalla on oikeus irtisanoa Sopimus kolmenkymmenen (30) p\u00e4iv\u00e4n irtisanomisajalla silt\u00e4 osin, kun alihankkijan muutos vaikuttaa Sopimuksen mukaiseen Henkil\u00f6tietojen K\u00e4sittelyyn. <\/p>\n<h4>3.4 Palveluntarjoajan avustamisvelvollisuus<\/h4>\n<p>Palveluntarjoaja siirt\u00e4\u00e4 v\u00e4litt\u00f6m\u00e4sti Asiakkaalle kaikki Rekister\u00f6idyilt\u00e4 saamansa Henkil\u00f6tietojen tarkastamista, oikaisemista, poistamista tai niiden K\u00e4sittelyn kielt\u00e4mist\u00e4 koskevat pyynn\u00f6t tai muut Rekister\u00f6idylt\u00e4 saamansa pyynn\u00f6t jotka koskevat voimassaolevan lains\u00e4\u00e4d\u00e4nn\u00f6n sek\u00e4 EU:n yleisen tietosuoja-asetuksen mukaisten Rekister\u00f6idyn oikeuksien k\u00e4ytt\u00e4mist\u00e4. Asiakkaan velvollisuutena on huolehtia ko. pyynt\u00f6ihin vastaamisesta. Ottaen huomioon K\u00e4sittelytoimen luonteen, Palveluntarjoaja auttaa Asiakasta asianmukaisilla teknisill\u00e4 ja organisatorisilla toimenpiteill\u00e4 mahdollisuuksien mukaan t\u00e4ytt\u00e4m\u00e4\u00e4n Rekisterinpit\u00e4j\u00e4n velvollisuuden vastata Rekister\u00f6idyn pyynt\u00f6ihin. Palveluntarjoaja on velvollinen, ottaen huomioon Henkil\u00f6tietojen K\u00e4sittelyn luonteen ja sen saatavilla olevat tiedot, auttamaan Rekisterinpit\u00e4j\u00e4\u00e4 varmistamaan, ett\u00e4 sille laissa asetettuja velvollisuuksia noudatetaan. N\u00e4m\u00e4 velvollisuudet voivat k\u00e4sitt\u00e4\u00e4 tietoturvallisuutta, tietoturvaloukkauksista ilmoittamista, tietosuojaa koskevaa vaikutustenarviointia ja ennakkokuulemista koskevia velvoitteita. Palveluntarjoaja on velvollinen avustamaan Rekisterinpit\u00e4j\u00e4\u00e4 ainoastaan sovellettavan tietosuojalains\u00e4\u00e4d\u00e4nn\u00f6n Henkil\u00f6tiedon K\u00e4sittelij\u00e4lle asettamien velvoitteiden mukaisessa laajuudessa. Ellei toisin sovita, Palveluntarjoajalla on oikeus laskuttaa t\u00e4m\u00e4n sopimuskohdan 3.4 mukaisista toimista aiheutuvat kustannukset voimassa olevan hinnastonsa mukaisesti. Palveluntarjoaja ohjaa kaikki tietosuojaviranomaisten tiedustelut suoraan Asiakkaalle, eik\u00e4 Palveluntarjoajalla ei ole valtuuksia edustaa Rekisterinpit\u00e4j\u00e4\u00e4 tai toimia Rekisterinpit\u00e4j\u00e4n puolesta Rekisterinpit\u00e4j\u00e4\u00e4 valvovien tietosuojaviranomaisten kanssa.<\/p>\n<h3>4 K\u00e4sittely EU:n \/ ETA:n ulkopuolella<\/h3>\n<p>Palveluntarjoaja ja sen alihankkijat saattavat k\u00e4sitell\u00e4 Henkil\u00f6tietoja EU-\/ETA-alueen ulkopuolella. Sik\u00e4li kuin Palveluntarjoaja ja\/tai sen alihankkija k\u00e4sittelee henkil\u00f6tietoja EU-\/ETA-alueen ulkopuolella, Palveluntarjoaja huolehtii, ett\u00e4 EU:n tietosuojavakiolausekkeet 2010\/87\/EU henkil\u00f6tietojen siirrosta EU:n\/ETA-alueen ulkopuolelle tai Asetuksen hyv\u00e4ksym\u00e4 vastaava oikeudellinen suoja soveltuvat t\u00e4llaiseen siirtoon tai K\u00e4sittelyyn. Asiakas t\u00e4ten my\u00f6nt\u00e4\u00e4 valtakirjan Palveluntarjoajalle, jotta Palveluntarjoaja voi sitoutua t\u00e4llaisiin mallisopimuslausekkeisiin Asiakkaan nimiss\u00e4 ja Asiakkaan lukuun. Edelleen, Asiakas nimenomaisesti hyv\u00e4ksyy Palveluntarjoajan my\u00f6s edustamaan kyseess\u00e4 olevaa alihankkijaa sitoutuessaan tietosuojavakiolausekkeisiin.<\/p>\n<h3>5 Auditointi<\/h3>\n<p>Asiakkaalla tai t\u00e4m\u00e4n valtuuttamalla auditoijalla (ei kuitenkaan Palveluntarjoajan kilpailija) on oikeus auditoida t\u00e4m\u00e4n Liitteen alainen toiminta. Sopijapuolet sopivat auditoinnin ajankohdasta ja muista yksityiskohdista hyviss\u00e4 ajoin ja v\u00e4hint\u00e4\u00e4n 14 ty\u00f6p\u00e4iv\u00e4\u00e4 ennen tarkastusta. Auditointi tulee suorittaa tavalla, joka ei haittaa Palveluntarjoajan ja sen alihankkijoiden sitoumuksia kolmansiin osapuoliin n\u00e4hden. Asiakkaan edustajien ja auditoijan on allekirjoitettava tavanomaiset salassapitositoumukset. Asiakas vastaa itselleen ja Palveluntarjoajalle auditoinnista aiheutuvista kustannuksista.<\/p>\n<h3>6 Tietoturva<\/h3>\n<p>Palveluntarjoaja toteuttaa asianmukaiset tekniset ja organisatoriset toimenpiteet Rekisterinpit\u00e4j\u00e4n Henkil\u00f6tietojen suojaamiseksi ottaen huomioon K\u00e4sittelyn sis\u00e4lt\u00e4m\u00e4t riskit, joita ovat erityisesti siirrettyjen, tallennettujen tai muuten K\u00e4siteltyjen henkil\u00f6tietojen tahaton tai laiton tuhoaminen, h\u00e4vitt\u00e4minen, muuttaminen, luvaton luovuttaminen tai henkil\u00f6tietoihin p\u00e4\u00e4sy. Suojatoimenpiteiden j\u00e4rjest\u00e4misess\u00e4 otetaan huomioon saatavilla olevat tekniset vaihtoehdot ja niiden kustannukset suhteessa k\u00e4sill\u00e4 olevaan tietojenk\u00e4sittelyyn liittyviin erityisiin riskeihin sek\u00e4 K\u00e4sitelt\u00e4vien Henkil\u00f6tietojen arkaluonteisuuteen. Asiakas on velvollinen varmistamaan, ett\u00e4 Palveluntarjoajalle tiedotetaan kaikista niist\u00e4 Rekisterinpit\u00e4j\u00e4n toimittamiin Henkil\u00f6tietoihin liittyvist\u00e4 seikoista, kuten riskiarvioinneista sek\u00e4 erityisten henkil\u00f6ryhmien k\u00e4sittelyst\u00e4, jotka vaikuttavat t\u00e4m\u00e4n Liitteen mukaisiin teknisiin ja organisatorisiin toimenpiteisiin. Palveluntarjoaja varmistaa, ett\u00e4 Henkil\u00f6tietojen K\u00e4sittelyyn osallistuva Palveluntarjoajan tai Palveluntarjoajan k\u00e4ytt\u00e4m\u00e4n alihankkijan henkil\u00f6st\u00f6 noudattaa asianmukaista salassapitovelvollisuutta.<\/p>\n<h3>7 Tietoturvaloukkauksesta ilmoittaminen<\/h3>\n<p>Palveluntarjoajan on ilmoitettava Asiakkaalle kaikista Henkil\u00f6tietoihin kohdistuneista tietoturvaloukkauksista ilman aiheetonta viivytyst\u00e4 loukkauksesta tiedon saatuaan tai kun Palveluntarjoajan k\u00e4ytt\u00e4m\u00e4 alihankkija on saanut loukkauksen tietoonsa. Asiakkaan pyynn\u00f6st\u00e4 Palveluntarjoajan tulee ilman aiheetonta viivytyst\u00e4 toimittaa Asiakkaalle kaikki asiaankuuluva tietoturvaloukkaukseen liittyv\u00e4 tieto. Silt\u00e4 osin kuin kyseinen tieto on Palveluntarjoajan saatavilla, Palveluntarjoajan on Asiakkaalle teht\u00e4v\u00e4ss\u00e4 ilmoituksessa kuvattava v\u00e4hint\u00e4\u00e4n: tapahtunut tietoturvaloukkaus, mahdollisuuksien mukaan rekister\u00f6ityjen ryhm\u00e4t ja arvioidut lukum\u00e4\u00e4r\u00e4t sek\u00e4 henkil\u00f6tietotyyppien ryhm\u00e4t ja arvoidut lukum\u00e4\u00e4r\u00e4t, kuvaus tietoturvaloukkauksen aiheuttamista todenn\u00e4k\u00f6isist\u00e4 seurauksista, ja kuvaus korjaavista toimenpiteist\u00e4, jotka Palveluntarjoaja on suorittanut tai tulee suorittamaan tietoturvaloukkausten ennaltaehk\u00e4isemiseksi jatkossa, sek\u00e4 tarvittaessa my\u00f6s toimenpiteet mahdollisten tietoturvaloukkauksen haittavaikutusten minimoimiseksi. Palveluntarjoaja dokumentoi ja raportoi selvityksen tulokset ja suoritetut toimenpiteet Asiakkaalle. Rekisterinpit\u00e4j\u00e4 vastaa tarvittavista ilmoituksista tietosuojaviranomaisille.<\/p>\n<h3>8 Muut ehdot<\/h3>\n<p>Jos henkil\u00f6lle aiheutuu EU:n tietosuoja-asetuksen tai Liitteen loukkauksista aineellista tai aineetonta vahinkoa, Palveluntarjoaja on vastuussa vahingosta vain silt\u00e4 osin, kuin se ei ole noudattanut nimenomaisesti sille osoitettuja EU:n tietosuoja-asetuksen tai t\u00e4m\u00e4n Liitteen velvoitteita. Kumpikin osapuoli on velvollinen maksamaan m\u00e4\u00e4r\u00e4tyist\u00e4 vahingonkorvauksista ja hallinnollista sakoista vain sen osan, joka vastaa sille tietosuojavalvontaviranomaisen tai tuomioistuimen lainvoimaisessa p\u00e4\u00e4t\u00f6ksess\u00e4 vahvistettua vastuuta vahingosta. Osapuolten vastuu on joka tapauksessa rajoitettu kuten Sopimuksessa m\u00e4\u00e4ritelty. Palveluntarjoaja tiedottaa Asiakasta kirjallisesti kaikista muutoksista, jotka saattavat vaikuttaa sen kykyyn tai mahdollisuuksiin noudattaa t\u00e4t\u00e4 Liitett\u00e4. T\u00e4m\u00e4 Liite on voimassa (i) Sopimuksen voimassaolon mukaisesti tai (ii) osapuolilla on Henkil\u00f6tietojen K\u00e4sittelytoimiin perustuvia velvoitteita toisiaan kohtaan. Velvoitteet, joiden on niiden luonteen vuoksi tarkoitus s\u00e4ily\u00e4 voimassa t\u00e4m\u00e4n Liitteen voimassaolon p\u00e4\u00e4ttymisest\u00e4 riippumatta, j\u00e4\u00e4v\u00e4t voimaan Liitteen p\u00e4\u00e4ttymisen j\u00e4lkeen.<\/p>\n<p><\/p>\n<p><\/p>\t\t\t\t\t\t\t\t<\/div>\n\t\t\t\t<\/div>\n\t\t\t\t\t<\/div>\n\t\t<\/div>\n\t\t\t\t\t<\/div>\n\t\t<\/section>\n\t\t\t\t<\/div>","protected":false},"excerpt":{"rendered":"<p>Tietosuoja-asetuksessa rekisterinpit\u00e4j\u00e4lt\u00e4 edellytet\u00e4\u00e4n dokumenttia, josta selvi\u00e4v\u00e4t muun muassa rekisterinpit\u00e4j\u00e4n yhteystiedot, k\u00e4sitelt\u00e4v\u00e4t henkil\u00f6tiedot ja k\u00e4sittelyn tarkoitus sek\u00e4 henkil\u00f6tietojen luovuttamisen ja suojaamisen periaatteet. Seuraavassa pyrit\u00e4\u00e4n t\u00e4ytt\u00e4m\u00e4\u00e4n n\u00e4m\u00e4 edell\u00e4 mainitut asiat Fidera Oy:n liiketoimien osalta. T\u00e4ss\u00e4 asiat kompaktissa muodossa: K\u00e4sitelt\u00e4v\u00e4t henkil\u00f6tiedot: nimi, veronumero, puhelinnumero, asiakkaan tunniste henkil\u00f6lle, henkil\u00f6\u00f6n liittyv\u00e4t fyysiset tunnisteet (kuten rfid tai bluetooth), sijaintitiedot ja mahdollisesti&hellip;<\/p>","protected":false},"author":4,"featured_media":0,"parent":0,"menu_order":0,"comment_status":"closed","ping_status":"closed","template":"","meta":{"footnotes":""},"class_list":["post-2547","page","type-page","status-publish","hentry"],"_links":{"self":[{"href":"https:\/\/www.fidera.fi\/en\/wp-json\/wp\/v2\/pages\/2547","targetHints":{"allow":["GET"]}}],"collection":[{"href":"https:\/\/www.fidera.fi\/en\/wp-json\/wp\/v2\/pages"}],"about":[{"href":"https:\/\/www.fidera.fi\/en\/wp-json\/wp\/v2\/types\/page"}],"author":[{"embeddable":true,"href":"https:\/\/www.fidera.fi\/en\/wp-json\/wp\/v2\/users\/4"}],"replies":[{"embeddable":true,"href":"https:\/\/www.fidera.fi\/en\/wp-json\/wp\/v2\/comments?post=2547"}],"version-history":[{"count":0,"href":"https:\/\/www.fidera.fi\/en\/wp-json\/wp\/v2\/pages\/2547\/revisions"}],"wp:attachment":[{"href":"https:\/\/www.fidera.fi\/en\/wp-json\/wp\/v2\/media?parent=2547"}],"curies":[{"name":"wp","href":"https:\/\/api.w.org\/{rel}","templated":true}]}}