{"id":2076,"date":"2020-06-18T11:33:23","date_gmt":"2020-06-18T11:33:23","guid":{"rendered":"https:\/\/fiderafi-wp24762.test.cchosting.fi\/?page_id=2076"},"modified":"2020-10-14T13:36:25","modified_gmt":"2020-10-14T13:36:25","slug":"fidera","status":"publish","type":"page","link":"https:\/\/www.fidera.fi\/en\/fidera\/","title":{"rendered":"Fidera"},"content":{"rendered":"<div data-elementor-type=\"wp-page\" data-elementor-id=\"2076\" class=\"elementor elementor-2076\" data-elementor-post-type=\"page\">\n\t\t\t\t\t\t<section class=\"elementor-section elementor-top-section elementor-element elementor-element-69d3cbe3 elementor-section-content-middle animated-fast elementor-section-boxed elementor-section-height-default elementor-section-height-default elementor-invisible\" data-id=\"69d3cbe3\" data-element_type=\"section\" data-settings=\"{&quot;animation&quot;:&quot;pulse&quot;}\">\n\t\t\t\t\t\t<div class=\"elementor-container elementor-column-gap-wider\">\n\t\t\t\t\t<div class=\"elementor-column elementor-col-50 elementor-top-column elementor-element elementor-element-5df542a3\" data-id=\"5df542a3\" data-element_type=\"column\">\n\t\t\t<div class=\"elementor-widget-wrap elementor-element-populated\">\n\t\t\t\t\t\t<div class=\"elementor-element elementor-element-3eacb871 elementor-widget elementor-widget-heading\" data-id=\"3eacb871\" data-element_type=\"widget\" data-widget_type=\"heading.default\">\n\t\t\t\t<div class=\"elementor-widget-container\">\n\t\t\t\t\t<h2 class=\"elementor-heading-title elementor-size-default\">Fidera Ltd.<\/h2>\t\t\t\t<\/div>\n\t\t\t\t<\/div>\n\t\t\t\t\t<\/div>\n\t\t<\/div>\n\t\t\t\t<div class=\"elementor-column elementor-col-50 elementor-top-column elementor-element elementor-element-2f00fc79\" data-id=\"2f00fc79\" data-element_type=\"column\">\n\t\t\t<div class=\"elementor-widget-wrap elementor-element-populated\">\n\t\t\t\t\t\t<div class=\"elementor-element elementor-element-480639d3 elementor-widget elementor-widget-heading\" data-id=\"480639d3\" data-element_type=\"widget\" data-widget_type=\"heading.default\">\n\t\t\t\t<div class=\"elementor-widget-container\">\n\t\t\t\t\t<h3 class=\"elementor-heading-title elementor-size-default\">Making invisible visible.<\/h3>\t\t\t\t<\/div>\n\t\t\t\t<\/div>\n\t\t\t\t\t<\/div>\n\t\t<\/div>\n\t\t\t\t\t<\/div>\n\t\t<\/section>\n\t\t\t\t<section class=\"elementor-section elementor-top-section elementor-element elementor-element-13a7a80 animated-fast elementor-section-boxed elementor-section-height-default elementor-section-height-default elementor-invisible\" data-id=\"13a7a80\" data-element_type=\"section\" data-settings=\"{&quot;animation&quot;:&quot;pulse&quot;}\">\n\t\t\t\t\t\t<div class=\"elementor-container elementor-column-gap-default\">\n\t\t\t\t\t<div class=\"elementor-column elementor-col-100 elementor-top-column elementor-element elementor-element-19df8f3\" data-id=\"19df8f3\" data-element_type=\"column\">\n\t\t\t<div class=\"elementor-widget-wrap elementor-element-populated\">\n\t\t\t\t\t\t<div class=\"elementor-element elementor-element-1658f03 elementor-position-left elementor-vertical-align-top elementor-widget elementor-widget-image-box\" data-id=\"1658f03\" data-element_type=\"widget\" data-widget_type=\"image-box.default\">\n\t\t\t\t<div class=\"elementor-widget-container\">\n\t\t\t\t\t<div class=\"elementor-image-box-wrapper\"><figure class=\"elementor-image-box-img\"><img fetchpriority=\"high\" decoding=\"async\" width=\"2560\" height=\"1707\" src=\"https:\/\/www.fidera.fi\/20\/wp-content\/uploads\/2020\/06\/Charts-on-laptop-screen-scaled.jpg\" class=\"attachment-full size-full wp-image-2083\" alt=\"\" srcset=\"https:\/\/www.fidera.fi\/20\/wp-content\/uploads\/2020\/06\/Charts-on-laptop-screen-scaled.jpg 2560w, https:\/\/www.fidera.fi\/20\/wp-content\/uploads\/2020\/06\/Charts-on-laptop-screen-300x200.jpg 300w, https:\/\/www.fidera.fi\/20\/wp-content\/uploads\/2020\/06\/Charts-on-laptop-screen-1024x683.jpg 1024w, https:\/\/www.fidera.fi\/20\/wp-content\/uploads\/2020\/06\/Charts-on-laptop-screen-768x512.jpg 768w, https:\/\/www.fidera.fi\/20\/wp-content\/uploads\/2020\/06\/Charts-on-laptop-screen-1536x1024.jpg 1536w, https:\/\/www.fidera.fi\/20\/wp-content\/uploads\/2020\/06\/Charts-on-laptop-screen-2048x1365.jpg 2048w\" sizes=\"(max-width: 2560px) 100vw, 2560px\" \/><\/figure><div class=\"elementor-image-box-content\"><h3 class=\"elementor-image-box-title\">About us<\/h3><p class=\"elementor-image-box-description\">Fidera was founded in 2013. Fidera is a Finnish technology company, and we have developed an IoT-analytics service which is used in many different industries.<br><br>\nWe make it possible to monitor assets, services and processes combining RFID-, Bluetooth- and video-analytics in an innovative and cost-efficient way. Our service is perfect for anything where there is a need to track or monitor people, assets, things, animals or processes in real-time.<br><br>Our services are being used in international fast food chains, biggest construction companies in Finland, large stores, national hotel chains and also in small locations where security services are needed.<\/p><\/div><\/div>\t\t\t\t<\/div>\n\t\t\t\t<\/div>\n\t\t\t\t\t<\/div>\n\t\t<\/div>\n\t\t\t\t\t<\/div>\n\t\t<\/section>\n\t\t\t\t<section class=\"elementor-section elementor-top-section elementor-element elementor-element-9871402 animated-fast elementor-section-boxed elementor-section-height-default elementor-section-height-default elementor-invisible\" data-id=\"9871402\" data-element_type=\"section\" data-settings=\"{&quot;animation&quot;:&quot;pulse&quot;}\">\n\t\t\t\t\t\t<div class=\"elementor-container elementor-column-gap-default\">\n\t\t\t\t\t<div class=\"elementor-column elementor-col-100 elementor-top-column elementor-element elementor-element-a05fb3a\" data-id=\"a05fb3a\" data-element_type=\"column\">\n\t\t\t<div class=\"elementor-widget-wrap elementor-element-populated\">\n\t\t\t\t\t\t<div class=\"elementor-element elementor-element-2260fa3 elementor-widget elementor-widget-heading\" data-id=\"2260fa3\" data-element_type=\"widget\" data-widget_type=\"heading.default\">\n\t\t\t\t<div class=\"elementor-widget-container\">\n\t\t\t\t\t<h3 class=\"elementor-heading-title elementor-size-default\">Our history<\/h3>\t\t\t\t<\/div>\n\t\t\t\t<\/div>\n\t\t\t\t\t<\/div>\n\t\t<\/div>\n\t\t\t\t\t<\/div>\n\t\t<\/section>\n\t\t\t\t<section class=\"elementor-section elementor-top-section elementor-element elementor-element-d4d69b6 animated-fast elementor-section-boxed elementor-section-height-default elementor-section-height-default elementor-invisible\" data-id=\"d4d69b6\" data-element_type=\"section\" data-settings=\"{&quot;animation&quot;:&quot;pulse&quot;}\">\n\t\t\t\t\t\t<div class=\"elementor-container elementor-column-gap-default\">\n\t\t\t\t\t<div class=\"elementor-column elementor-col-100 elementor-top-column elementor-element elementor-element-7ecac41\" data-id=\"7ecac41\" data-element_type=\"column\">\n\t\t\t<div class=\"elementor-widget-wrap elementor-element-populated\">\n\t\t\t\t\t\t<div class=\"elementor-element elementor-element-c96a18c elementor-widget elementor-widget-text-editor\" data-id=\"c96a18c\" data-element_type=\"widget\" data-widget_type=\"text-editor.default\">\n\t\t\t\t<div class=\"elementor-widget-container\">\n\t\t\t\t\t\t\t\t\t<p>Fidera was founded in 2013. Our original goal and innovation was to develop automatic access control solutions for construction sites using modern radio- and video-analytic tools and other IoT-elements in a smart and cost-efficient way.<br \/><br \/>Soon we noticed, that unlike the other solutions that were developed for monitoring and surveillance, our system could be customized for other industries and businesses thanks to its modern and open system architecture.<br \/><br \/>In a study by University of Turku in 2013 and in a study by Accelerando Ltd. in 2016 it was confirmed that there is no similar service available compared to the automatic monitoring and surveillance solutions that Fidera has to offer. Our customers' own findings also confirm the results done by the research.<\/p>\t\t\t\t\t\t\t\t<\/div>\n\t\t\t\t<\/div>\n\t\t\t\t\t<\/div>\n\t\t<\/div>\n\t\t\t\t\t<\/div>\n\t\t<\/section>\n\t\t\t\t<section class=\"elementor-section elementor-top-section elementor-element elementor-element-0e985fc animated-fast elementor-section-boxed elementor-section-height-default elementor-section-height-default elementor-invisible\" data-id=\"0e985fc\" data-element_type=\"section\" data-settings=\"{&quot;animation&quot;:&quot;pulse&quot;}\">\n\t\t\t\t\t\t<div class=\"elementor-container elementor-column-gap-default\">\n\t\t\t\t\t<div class=\"elementor-column elementor-col-100 elementor-top-column elementor-element elementor-element-62b4da9\" data-id=\"62b4da9\" data-element_type=\"column\">\n\t\t\t<div class=\"elementor-widget-wrap elementor-element-populated\">\n\t\t\t\t\t\t<div class=\"elementor-element elementor-element-3072f2b elementor-position-right elementor-vertical-align-top elementor-widget elementor-widget-image-box\" data-id=\"3072f2b\" data-element_type=\"widget\" data-widget_type=\"image-box.default\">\n\t\t\t\t<div class=\"elementor-widget-container\">\n\t\t\t\t\t<div class=\"elementor-image-box-wrapper\"><figure class=\"elementor-image-box-img\"><img decoding=\"async\" width=\"2560\" height=\"1707\" src=\"https:\/\/www.fidera.fi\/20\/wp-content\/uploads\/2020\/06\/Meeting-and-shaking-hands-scaled.jpg\" class=\"attachment-full size-full wp-image-2091\" alt=\"\" srcset=\"https:\/\/www.fidera.fi\/20\/wp-content\/uploads\/2020\/06\/Meeting-and-shaking-hands-scaled.jpg 2560w, https:\/\/www.fidera.fi\/20\/wp-content\/uploads\/2020\/06\/Meeting-and-shaking-hands-300x200.jpg 300w, https:\/\/www.fidera.fi\/20\/wp-content\/uploads\/2020\/06\/Meeting-and-shaking-hands-1024x683.jpg 1024w, https:\/\/www.fidera.fi\/20\/wp-content\/uploads\/2020\/06\/Meeting-and-shaking-hands-768x512.jpg 768w, https:\/\/www.fidera.fi\/20\/wp-content\/uploads\/2020\/06\/Meeting-and-shaking-hands-1536x1024.jpg 1536w, https:\/\/www.fidera.fi\/20\/wp-content\/uploads\/2020\/06\/Meeting-and-shaking-hands-2048x1365.jpg 2048w\" sizes=\"(max-width: 2560px) 100vw, 2560px\" \/><\/figure><div class=\"elementor-image-box-content\"><h3 class=\"elementor-image-box-title\"><br>Strong partner network<\/h3><p class=\"elementor-image-box-description\">Fidera has a strong partner network both in Finland and internationally, giving us decades of experience in information systems, network communications and technological industries. Fidera is owned by its employees, which is visible in our commitment and trust in our own work.<br><br>\nOur services and devices are designed to maintain good condition in harsh and changing environments, such as Finnish weather. We are committed to deliver automatic and intelligent solutions, which will enhance and improve our customers' business.<\/p><\/div><\/div>\t\t\t\t<\/div>\n\t\t\t\t<\/div>\n\t\t\t\t\t<\/div>\n\t\t<\/div>\n\t\t\t\t\t<\/div>\n\t\t<\/section>\n\t\t\t\t<section class=\"elementor-section elementor-top-section elementor-element elementor-element-fde26a9 animated-fast elementor-section-boxed elementor-section-height-default elementor-section-height-default elementor-invisible\" data-id=\"fde26a9\" data-element_type=\"section\" data-settings=\"{&quot;animation&quot;:&quot;pulse&quot;}\">\n\t\t\t\t\t\t<div class=\"elementor-container elementor-column-gap-default\">\n\t\t\t\t\t<div class=\"elementor-column elementor-col-33 elementor-top-column elementor-element elementor-element-bdf580d\" data-id=\"bdf580d\" data-element_type=\"column\">\n\t\t\t<div class=\"elementor-widget-wrap elementor-element-populated\">\n\t\t\t\t\t\t<div class=\"elementor-element elementor-element-10c4516 elementor-view-default elementor-position-top elementor-mobile-position-top elementor-widget elementor-widget-icon-box\" data-id=\"10c4516\" data-element_type=\"widget\" data-widget_type=\"icon-box.default\">\n\t\t\t\t<div class=\"elementor-widget-container\">\n\t\t\t\t\t\t\t<div class=\"elementor-icon-box-wrapper\">\n\n\t\t\t\t\t\t<div class=\"elementor-icon-box-icon\">\n\t\t\t\t<span  class=\"elementor-icon\">\n\t\t\t\t<i aria-hidden=\"true\" class=\"fas fa-user-check\"><\/i>\t\t\t\t<\/span>\n\t\t\t<\/div>\n\t\t\t\n\t\t\t\t\t\t<div class=\"elementor-icon-box-content\">\n\n\t\t\t\t\t\t\t\t\t<h3 class=\"elementor-icon-box-title\">\n\t\t\t\t\t\t<span  >\n\t\t\t\t\t\t\tReliable\t\t\t\t\t\t<\/span>\n\t\t\t\t\t<\/h3>\n\t\t\t\t\n\t\t\t\t\n\t\t\t<\/div>\n\t\t\t\n\t\t<\/div>\n\t\t\t\t\t\t<\/div>\n\t\t\t\t<\/div>\n\t\t\t\t\t<\/div>\n\t\t<\/div>\n\t\t\t\t<div class=\"elementor-column elementor-col-33 elementor-top-column elementor-element elementor-element-2d5888d\" data-id=\"2d5888d\" data-element_type=\"column\">\n\t\t\t<div class=\"elementor-widget-wrap elementor-element-populated\">\n\t\t\t\t\t\t<div class=\"elementor-element elementor-element-7bc0ee5 elementor-view-default elementor-position-top elementor-mobile-position-top elementor-widget elementor-widget-icon-box\" data-id=\"7bc0ee5\" data-element_type=\"widget\" data-widget_type=\"icon-box.default\">\n\t\t\t\t<div class=\"elementor-widget-container\">\n\t\t\t\t\t\t\t<div class=\"elementor-icon-box-wrapper\">\n\n\t\t\t\t\t\t<div class=\"elementor-icon-box-icon\">\n\t\t\t\t<span  class=\"elementor-icon\">\n\t\t\t\t<i aria-hidden=\"true\" class=\"fas fa-grin-alt\"><\/i>\t\t\t\t<\/span>\n\t\t\t<\/div>\n\t\t\t\n\t\t\t\t\t\t<div class=\"elementor-icon-box-content\">\n\n\t\t\t\t\t\t\t\t\t<h3 class=\"elementor-icon-box-title\">\n\t\t\t\t\t\t<span  >\n\t\t\t\t\t\t\tEasy to use\t\t\t\t\t\t<\/span>\n\t\t\t\t\t<\/h3>\n\t\t\t\t\n\t\t\t\t\n\t\t\t<\/div>\n\t\t\t\n\t\t<\/div>\n\t\t\t\t\t\t<\/div>\n\t\t\t\t<\/div>\n\t\t\t\t\t<\/div>\n\t\t<\/div>\n\t\t\t\t<div class=\"elementor-column elementor-col-33 elementor-top-column elementor-element elementor-element-42a623a\" data-id=\"42a623a\" data-element_type=\"column\">\n\t\t\t<div class=\"elementor-widget-wrap elementor-element-populated\">\n\t\t\t\t\t\t<div class=\"elementor-element elementor-element-ed176d5 elementor-view-default elementor-position-top elementor-mobile-position-top elementor-widget elementor-widget-icon-box\" data-id=\"ed176d5\" data-element_type=\"widget\" data-widget_type=\"icon-box.default\">\n\t\t\t\t<div class=\"elementor-widget-container\">\n\t\t\t\t\t\t\t<div class=\"elementor-icon-box-wrapper\">\n\n\t\t\t\t\t\t<div class=\"elementor-icon-box-icon\">\n\t\t\t\t<span  class=\"elementor-icon\">\n\t\t\t\t<svg xmlns=\"http:\/\/www.w3.org\/2000\/svg\" xmlns:xlink=\"http:\/\/www.w3.org\/1999\/xlink\" id=\"Layer_1\" x=\"0px\" y=\"0px\" viewbox=\"0 0 512 512\" style=\"enable-background:new 0 0 512 512;\" xml:space=\"preserve\"><circle style=\"fill:#F0F0F0;\" cx=\"256\" cy=\"256\" r=\"256\"><\/circle><path style=\"fill:#0052B4;\" d=\"M509.833,222.609H200.349h-0.001V6.085c-23.658,5.246-46.087,13.749-66.783,25.042v191.48v0.001  H2.167C0.742,233.539,0,244.683,0,256s0.742,22.461,2.167,33.391h131.397h0.001v191.481c20.696,11.292,43.125,19.797,66.783,25.042  V289.394v-0.002h309.485C511.256,278.461,512,267.317,512,256S511.256,233.539,509.833,222.609z\"><\/path><g><\/g><g><\/g><g><\/g><g><\/g><g><\/g><g><\/g><g><\/g><g><\/g><g><\/g><g><\/g><g><\/g><g><\/g><g><\/g><g><\/g><g><\/g><\/svg>\t\t\t\t<\/span>\n\t\t\t<\/div>\n\t\t\t\n\t\t\t\t\t\t<div class=\"elementor-icon-box-content\">\n\n\t\t\t\t\t\t\t\t\t<h3 class=\"elementor-icon-box-title\">\n\t\t\t\t\t\t<span  >\n\t\t\t\t\t\t\tFinnish quality\t\t\t\t\t\t<\/span>\n\t\t\t\t\t<\/h3>\n\t\t\t\t\n\t\t\t\t\n\t\t\t<\/div>\n\t\t\t\n\t\t<\/div>\n\t\t\t\t\t\t<\/div>\n\t\t\t\t<\/div>\n\t\t\t\t\t<\/div>\n\t\t<\/div>\n\t\t\t\t\t<\/div>\n\t\t<\/section>\n\t\t\t\t<section class=\"elementor-section elementor-top-section elementor-element elementor-element-1dac48d animated-fast elementor-section-boxed elementor-section-height-default elementor-section-height-default elementor-invisible\" data-id=\"1dac48d\" data-element_type=\"section\" data-settings=\"{&quot;animation&quot;:&quot;pulse&quot;}\">\n\t\t\t\t\t\t<div class=\"elementor-container elementor-column-gap-default\">\n\t\t\t\t\t<div class=\"elementor-column elementor-col-100 elementor-top-column elementor-element elementor-element-b3929ba\" data-id=\"b3929ba\" data-element_type=\"column\">\n\t\t\t<div class=\"elementor-widget-wrap elementor-element-populated\">\n\t\t\t\t\t\t<div class=\"elementor-element elementor-element-0250995 elementor-widget elementor-widget-text-editor\" data-id=\"0250995\" data-element_type=\"widget\" data-widget_type=\"text-editor.default\">\n\t\t\t\t<div class=\"elementor-widget-container\">\n\t\t\t\t\t\t\t\t\t<p>Fidera is a completely Finnish technology company. We are known for listening our customers, and we are proud of every solution we create which will help our customers in improving their business.<br \/><br \/>We have a strong network of companies as our business partners, which makes us able to serve our customers with high quality and low pricing.<br \/><br \/>Most important features of our services are our reliability, easiness and Finnish top quality.<\/p>\t\t\t\t\t\t\t\t<\/div>\n\t\t\t\t<\/div>\n\t\t\t\t\t<\/div>\n\t\t<\/div>\n\t\t\t\t\t<\/div>\n\t\t<\/section>\n\t\t\t\t<\/div>","protected":false},"excerpt":{"rendered":"<p>Fidera Oy Making invisible visible. Yrityksest\u00e4 Vuonna 2013 perustettu Fidera Oy on suomalainen teknologiayhti\u00f6, joka on kehitt\u00e4nyt reaaliaikaisen IoT-teknologiaan perustuvan analytiikkapalvelun, joka on k\u00e4yt\u00f6ss\u00e4 useilla eri toimialoilla. Mahdollistamme reaaliaikaisen tavara- ja palveluprosessiseurannan yhdist\u00e4en RFID-, Bluetooth- ja videoanalytiikkaa innovatiivisesti ja kustannustehokkaasti. Palvelumme sopii hyvin kohteisiin, joissa ihmisi\u00e4, tavaroita, palveluita tai ty\u00f6vaiheita halutaan seurata, valvoa ja monitoroida&hellip;<\/p>","protected":false},"author":1,"featured_media":0,"parent":0,"menu_order":0,"comment_status":"closed","ping_status":"closed","template":"elementor_header_footer","meta":{"footnotes":""},"class_list":["post-2076","page","type-page","status-publish","hentry"],"_links":{"self":[{"href":"https:\/\/www.fidera.fi\/en\/wp-json\/wp\/v2\/pages\/2076","targetHints":{"allow":["GET"]}}],"collection":[{"href":"https:\/\/www.fidera.fi\/en\/wp-json\/wp\/v2\/pages"}],"about":[{"href":"https:\/\/www.fidera.fi\/en\/wp-json\/wp\/v2\/types\/page"}],"author":[{"embeddable":true,"href":"https:\/\/www.fidera.fi\/en\/wp-json\/wp\/v2\/users\/1"}],"replies":[{"embeddable":true,"href":"https:\/\/www.fidera.fi\/en\/wp-json\/wp\/v2\/comments?post=2076"}],"version-history":[{"count":0,"href":"https:\/\/www.fidera.fi\/en\/wp-json\/wp\/v2\/pages\/2076\/revisions"}],"wp:attachment":[{"href":"https:\/\/www.fidera.fi\/en\/wp-json\/wp\/v2\/media?parent=2076"}],"curies":[{"name":"wp","href":"https:\/\/api.w.org\/{rel}","templated":true}]}}